{"id":1076,"date":"2013-08-30T12:05:39","date_gmt":"2013-08-30T12:05:39","guid":{"rendered":"https:\/\/faidutti.com\/blog\/?page_id=1076"},"modified":"2018-04-10T15:07:39","modified_gmt":"2018-04-10T15:07:39","slug":"contact","status":"publish","type":"page","link":"https:\/\/faidutti.com\/blog\/contact\/","title":{"rendered":"Contact"},"content":{"rendered":"<div>Que vous soyez un joueur se posant des questions sur les r\u00e8gles d&#8217;un de mes jeux, un \u00e9diteur int\u00e9ress\u00e9 par mes cr\u00e9ations anciennes et nouvelles, une institution ou une entreprise d\u00e9sirant r\u00e9aliser un jeu de soci\u00e9t\u00e9, un journaliste \u00e9crivant sur les jeux de soci\u00e9t\u00e9, ou toute autre personne int\u00e9ress\u00e9e par mes jeux, vous pouvez me contacter par email \u00e0 l&#8217;adresse suivante : <a href=\"mailto:faidutti@gmail.com\">faidutti@gmail.com<\/a><\/div>\n<div>Si vous \u00e9crivez au sujet d&#8217;un jeu particulier, mettez bien le nom du jeu dans le sujet de votre email, afin qu&#8217;il ne se perde pas et arrive dans la bonne boite aux lettres.<\/div>\n<div><\/div>\n<div>\n<hr \/>\n<\/div>\n<div><\/div>\n<div><em>Whether you are a gamer needing precisions about the rules of one of my games, a publisher interested by my older or new designs, a journalist writing on boardgames, an institution willing to have me design a specific game, or anyone else interested in my game designs, you can email me at\u00a0 <a href=\"mailto:faidutti@gmail.com\">faidutti@gmail.com<\/a>.<br \/>\nIf writing about a specific game, please insert the game&#8217;s name in the subject field, in order to make sure your email is not lost and ends in the right mailbox.<br \/>\n<\/em><\/div>\n","protected":false},"excerpt":{"rendered":"<p>Que vous soyez un joueur se posant des questions sur les r\u00e8gles d&#8217;un de mes jeux, un \u00e9diteur int\u00e9ress\u00e9 par mes cr\u00e9ations anciennes et nouvelles, une institution ou une entreprise d\u00e9sirant r\u00e9aliser un jeu de soci\u00e9t\u00e9, un journaliste \u00e9crivant sur &hellip; <a href=\"https:\/\/faidutti.com\/blog\/contact\/\">Continue reading <span class=\"meta-nav\">&rarr;<\/span><\/a><\/p>\n","protected":false},"author":2,"featured_media":0,"parent":0,"menu_order":4,"comment_status":"open","ping_status":"open","template":"","meta":{"jetpack_post_was_ever_published":false,"footnotes":""},"class_list":["post-1076","page","type-page","status-publish","hentry"],"jetpack_sharing_enabled":true,"jetpack_shortlink":"https:\/\/wp.me\/P2HNOP-hm","_links":{"self":[{"href":"https:\/\/faidutti.com\/blog\/wp-json\/wp\/v2\/pages\/1076","targetHints":{"allow":["GET"]}}],"collection":[{"href":"https:\/\/faidutti.com\/blog\/wp-json\/wp\/v2\/pages"}],"about":[{"href":"https:\/\/faidutti.com\/blog\/wp-json\/wp\/v2\/types\/page"}],"author":[{"embeddable":true,"href":"https:\/\/faidutti.com\/blog\/wp-json\/wp\/v2\/users\/2"}],"replies":[{"embeddable":true,"href":"https:\/\/faidutti.com\/blog\/wp-json\/wp\/v2\/comments?post=1076"}],"version-history":[{"count":7,"href":"https:\/\/faidutti.com\/blog\/wp-json\/wp\/v2\/pages\/1076\/revisions"}],"predecessor-version":[{"id":9331,"href":"https:\/\/faidutti.com\/blog\/wp-json\/wp\/v2\/pages\/1076\/revisions\/9331"}],"wp:attachment":[{"href":"https:\/\/faidutti.com\/blog\/wp-json\/wp\/v2\/media?parent=1076"}],"curies":[{"name":"wp","href":"https:\/\/api.w.org\/{rel}","templated":true}]}}