{"id":4847,"date":"2022-02-19T11:02:28","date_gmt":"2022-02-19T11:02:28","guid":{"rendered":"https:\/\/faidutti.com\/blog\/licornes\/?page_id=4847"},"modified":"2022-08-04T21:56:07","modified_gmt":"2022-08-04T21:56:07","slug":"remerciements","status":"publish","type":"page","link":"https:\/\/faidutti.com\/blog\/licornes\/remerciements\/","title":{"rendered":"Remerciements"},"content":{"rendered":"\n<p><strong>Les images<\/strong><\/p>\n\n\n\n<p>Ce blog est, comme mon livre, illustr\u00e9 de nombreuses reproductions de tableaux, de tapisseries ou de manuscrits, \u0153uvres dont les fid\u00e8les reproductions, souvent t\u00e9l\u00e9charg\u00e9es directement sur les sites des mus\u00e9es et des grandes biblioth\u00e8ques, sont dans le domaine public. Pour les sculptures de pierre, de m\u00e9tal ou de bois, les choses sont plus compliqu\u00e9es, puisque si l\u2019objet est ancien, la mise en sc\u00e8ne photographique ne l\u2019est pas. Quelques mus\u00e9es, surtout am\u00e9ricains comme le Metropolitan Museum de New York, ont mis les clich\u00e9s de l\u2019ensemble de leurs pi\u00e8ces dans le domaine public, mais ils ne sont pas si nombreux. Des photographes autorisent l\u2019utilisation des images qu\u2019ils ont post\u00e9 sur Wikimedia Commons, mais la recherche n\u2019y est pas tr\u00e8s facile et la qualit\u00e9 est variable. Tout cela ne suffisait pas toujours. <\/p>\n\n\n\n<p>Ayant trouv\u00e9 quelques tr\u00e8s belles images sur des sites sp\u00e9cialis\u00e9s, notamment flickr, je me suis dit que je ne risquais rien \u00e0 contacter les auteurs pour leur demander si je pouvais utiliser leur travail. J\u2019ai \u00e9t\u00e9 tr\u00e8s agr\u00e9ablement surpris de ne recevoir presque que des r\u00e9ponses positives, souvent curieuses et int\u00e9ress\u00e9es. Un grand merci donc \u00e0 <a rel=\"noreferrer noopener\" href=\"https:\/\/www.flickr.com\/photos\/ana_sudani\/\" target=\"_blank\">Groenling<\/a>, <a rel=\"noreferrer noopener\" href=\"https:\/\/www.flickr.com\/photos\/sheepdog_rex\/\" target=\"_blank\">Rex Harris<\/a>, <a rel=\"noreferrer noopener\" href=\"https:\/\/www.flickr.com\/photos\/28433765@N07\/\" target=\"_blank\">Peter Ackermann<\/a>, <a href=\"https:\/\/www.flickr.com\/photos\/morio60\/\">Patrick Monchicourt<\/a>, <a rel=\"noreferrer noopener\" href=\"https:\/\/www.flickr.com\/photos\/jeanmichelperruche\/\" target=\"_blank\">Jean-Michel Perruche<\/a>, <a rel=\"noreferrer noopener\" href=\"https:\/\/www.flickr.com\/photos\/75827322@N00\/\" target=\"_blank\">Jon Holland<\/a>, Peter Hyde, <a rel=\"noreferrer noopener\" href=\"https:\/\/www.flickr.com\/photos\/euro-ddraig\/\" target=\"_blank\">Y Ddraig<\/a>, <a rel=\"noreferrer noopener\" href=\"https:\/\/www.flickr.com\/photos\/martin-m-miles\/\" target=\"_blank\">Martin M. Miles<\/a>, <a href=\"https:\/\/www.lavieb-aile.com\/\">Jean-Yves Cordier<\/a>, J\u00f6rgens Mi, Roberto Fortuna, Kirsty N, <a rel=\"noreferrer noopener\" href=\"https:\/\/www.flickr.com\/photos\/amthomson\/\" target=\"_blank\">Aidan Mc Rae Thomson<\/a>, Julie Potton, <a rel=\"noreferrer noopener\" href=\"https:\/\/www.flickr.com\/photos\/188433107@N05\/\" target=\"_blank\">Paul Ravenscroft<\/a>, Simon, Marc Darby, <a rel=\"noreferrer noopener\" href=\"https:\/\/www.flickr.com\/photos\/27109078@N05\/\" target=\"_blank\">Norma Fincher<\/a>, <a rel=\"noreferrer noopener\" href=\"https:\/\/www.flickr.com\/photos\/101561334@N08\/\" target=\"_blank\">Gary Todd<\/a>, <a rel=\"noreferrer noopener\" href=\"https:\/\/www.flickr.com\/photos\/dun_deagh\" target=\"_blank\">Dun Deagh<\/a>, <a rel=\"noreferrer noopener\" href=\"https:\/\/www.flickr.com\/photos\/snappa2006\/\" target=\"_blank\">Snappa 2006<\/a>, Ben Salter, <a rel=\"noreferrer noopener\" href=\"https:\/\/www.flickr.com\/photos\/archer10\/\" target=\"_blank\">Dennis Jarvis<\/a>,<a rel=\"noreferrer noopener\" href=\"https:\/\/vk.com\/id158450878\" target=\"_blank\"> Nikolai Telegin<\/a>, <a rel=\"noreferrer noopener\" href=\"https:\/\/www.flickr.com\/photos\/martin-m-miles\/\" target=\"_blank\">Tommaso Evola<\/a>, <a rel=\"noreferrer noopener\" href=\"https:\/\/www.flickr.com\/photos\/d_navarro\/\" target=\"_blank\">David Navarro<\/a>, <a rel=\"noreferrer noopener\" href=\"https:\/\/www.flickr.com\/photos\/47859152@N05\/\" target=\"_blank\">Glass Angel<\/a>, <a rel=\"noreferrer noopener\" href=\"https:\/\/www.flickr.com\/photos\/rozet\/\" target=\"_blank\">Azaria Rozet<\/a>, <a rel=\"noreferrer noopener\" href=\"https:\/\/www.flickr.com\/photos\/httpwwwflickrcomphotosalem\" target=\"_blank\">Alain Le Metayer,<\/a> Gordon Plumb, Erika Gabanyi, \u00e0 quelques-uns que j\u2019ai peut-\u00eatre oubli\u00e9s, et \u00e0 tous les autres dont vous voyez les noms ou pseudonymes sous les photos.<\/p>\n\n\n\n<p>Parfois, j&#8217;ai appris la pr\u00e9sence ici ou l\u00e0 de telle sculpture ou peinture dont j&#8217;aurais bien aim\u00e9 avoir une image. J&#8217;ai pu parfois me rendre sur place pour faire quelques photographies, comme \u00e0 la cath\u00e9drale Saint-Jean de Lyon. Lorsque c&#8217;\u00e9tait plus loin, j&#8217;ai demand\u00e9 \u00e0 quelques amis d&#8217;aller prendre des photos, je le remercie tous ici.<\/p>\n\n\n\n<p><strong>Les chercheurs<\/strong><\/p>\n\n\n\n<p>M\u00eame si ce livre est bien plus vaste et et plus superficiel que ma vieille th\u00e8se sur l&#8217;image de la licorne, il lui doit beaucoup. Je remercie donc encore mon jury de th\u00e8se, compos\u00e9 de Lucien B\u00e9ly, Frank Lestringant, Denis Crouzet et Michel Pastoureau. De ce dernier, j&#8217;ai aussi beaucoup exploit\u00e9 les nombreux ouvrages qu&#8217;il a publi\u00e9 depuis sur l&#8217;histoire des animaux. Je remercie aussi encore les sp\u00e9cialistes de sujets voisins dont j&#8217;ai utilis\u00e9 les travaux, et qui m&#8217;ont tous aid\u00e9 de mani\u00e8re extr\u00eamement sympathique et g\u00e9n\u00e9reuse. Claudine Cohen est la sp\u00e9cialiste des mammouths et des repr\u00e9sentations de la pr\u00e9histoire. <a href=\"https:\/\/www.adrianagallardoluque.com\/\" target=\"_blank\" rel=\"noreferrer noopener\">Adriana Gallardo-Luque<\/a> a travaill\u00e9 sur les repr\u00e9sentations de licornes au Moyen \u00c2ge, tout particuli\u00e8rement sur Buc\u00e9phale, et devrait aussi bient\u00f4t publier un livre sur le sujet. <a href=\"https:\/\/doloresherrero.com\/gargolas-del-mundo-blog\/\" target=\"_blank\" rel=\"noreferrer noopener\">Dolor\u00e8s Herrero<\/a> est la sp\u00e9cialiste des gargouilles. Lou Delaveau a fait une th\u00e8se sur les sir\u00e8nes qui n&#8217;est pas sans rappeler, en plus rigoureux, ce que j&#8217;ai fait sur les licornes. Je remercie aussi tout ceux qui m&#8217;ont r\u00e9pondu lorsque j&#8217;ai post\u00e9 sur Facebook ou Twitter des textes en grec, en arabe, en turc, en russe ou en persan que j&#8217;\u00e9tais bien incapable de lire.<\/p>\n","protected":false},"excerpt":{"rendered":"<p>Les images Ce blog est, comme mon livre, illustr\u00e9 de nombreuses reproductions de tableaux, de tapisseries ou de manuscrits, \u0153uvres dont les fid\u00e8les reproductions, souvent t\u00e9l\u00e9charg\u00e9es directement sur les sites des mus\u00e9es et des grandes biblioth\u00e8ques, sont dans le domaine &hellip; <a href=\"https:\/\/faidutti.com\/blog\/licornes\/remerciements\/\">Continue reading <span class=\"meta-nav\">&rarr;<\/span><\/a><\/p>\n","protected":false},"author":2,"featured_media":0,"parent":0,"menu_order":4,"comment_status":"closed","ping_status":"closed","template":"","meta":{"footnotes":""},"class_list":["post-4847","page","type-page","status-publish","hentry"],"jetpack_sharing_enabled":true,"_links":{"self":[{"href":"https:\/\/faidutti.com\/blog\/licornes\/wp-json\/wp\/v2\/pages\/4847","targetHints":{"allow":["GET"]}}],"collection":[{"href":"https:\/\/faidutti.com\/blog\/licornes\/wp-json\/wp\/v2\/pages"}],"about":[{"href":"https:\/\/faidutti.com\/blog\/licornes\/wp-json\/wp\/v2\/types\/page"}],"author":[{"embeddable":true,"href":"https:\/\/faidutti.com\/blog\/licornes\/wp-json\/wp\/v2\/users\/2"}],"replies":[{"embeddable":true,"href":"https:\/\/faidutti.com\/blog\/licornes\/wp-json\/wp\/v2\/comments?post=4847"}],"version-history":[{"count":4,"href":"https:\/\/faidutti.com\/blog\/licornes\/wp-json\/wp\/v2\/pages\/4847\/revisions"}],"predecessor-version":[{"id":7258,"href":"https:\/\/faidutti.com\/blog\/licornes\/wp-json\/wp\/v2\/pages\/4847\/revisions\/7258"}],"wp:attachment":[{"href":"https:\/\/faidutti.com\/blog\/licornes\/wp-json\/wp\/v2\/media?parent=4847"}],"curies":[{"name":"wp","href":"https:\/\/api.w.org\/{rel}","templated":true}]}}