{"id":2,"date":"2021-05-10T18:47:12","date_gmt":"2021-05-10T18:47:12","guid":{"rendered":"http:\/\/faidutti.com\/blog\/licornes\/?page_id=2"},"modified":"2022-08-07T21:54:56","modified_gmt":"2022-08-07T21:54:56","slug":"sample-page","status":"publish","type":"page","link":"https:\/\/faidutti.com\/blog\/licornes\/sample-page\/","title":{"rendered":"A propos de ce blog et de mon livre"},"content":{"rendered":"\n<figure class=\"wp-block-image size-full\"><img loading=\"lazy\" decoding=\"async\" width=\"1400\" height=\"1575\" src=\"https:\/\/faidutti.com\/blog\/licornes\/wp-content\/uploads\/sites\/2\/2022\/03\/licornes.jpg\" alt=\"\" class=\"wp-image-5638\" srcset=\"https:\/\/faidutti.com\/blog\/licornes\/wp-content\/uploads\/sites\/2\/2022\/03\/licornes.jpg 1400w, https:\/\/faidutti.com\/blog\/licornes\/wp-content\/uploads\/sites\/2\/2022\/03\/licornes-267x300.jpg 267w, https:\/\/faidutti.com\/blog\/licornes\/wp-content\/uploads\/sites\/2\/2022\/03\/licornes-768x864.jpg 768w, https:\/\/faidutti.com\/blog\/licornes\/wp-content\/uploads\/sites\/2\/2022\/03\/licornes-1365x1536.jpg 1365w\" sizes=\"auto, (max-width: 1400px) 100vw, 1400px\" \/><\/figure>\n\n\n\n<p>Cela fait bient\u00f4t vingt-cinq ans que, en 1996, j\u2019ai soutenu ma th\u00e8se d\u2019histoire,\u00a0<em>Images et connaissance de la licorne de la fin du Moyen \u00c2ge au XIXe si\u00e8cle.\u00a0<\/em>J\u2019ai ensuite assez rapidement abandonn\u00e9 toute id\u00e9e de faire une v\u00e9ritable carri\u00e8re d\u2019historien, mais j\u2019ai gard\u00e9 de cet interm\u00e8de un go\u00fbt pour les vieux papiers et les th\u00e8mes un peu marginaux \u2013 au sens propre du terme, car, dans les manuscrits m\u00e9di\u00e9vaux, la licorne est souvent dans les marges.<br \/><br \/>Lorsque les circonstances m\u2019ont, comme tout le monde, enferm\u00e9 pour quelques mois, j\u2019ai vu l\u00e0 une occasion de faire ce \u00e0 quoi je pensais depuis d\u00e9j\u00e0 quelque temps, reprendre mes recherches avec moins d\u2019enjeu et plus de plaisir, pour en tirer quelque chose de plus l\u00e9ger, de plus digeste, un livre ou \u00e0 d\u00e9faut un site web.\u00a0<br \/><br \/>J\u2019ai trouv\u00e9 un \u00e9diteur pour le livre mais, bien s\u00fbr, mon tapuscrit \u00e9tait trop long, beaucoup trop long. Il restait donc de la mati\u00e8re dont j&#8217;ai d\u00e9cid\u00e9 de faire un site web. Le livre, aux \u00e9ditions Ynnis, s&#8217;intitule sobrement <em><strong>Licornes<\/strong><\/em>, au pluriel car les licornes sont nombreuses, pas toujours gentilles et pas toujours blanches. Je posterai r\u00e9guli\u00e8rement sur ce blog tout ce que je n&#8217;ai pas pu y mettre. J&#8217;ai d\u00fb en effet renoncer \u00e0 certain  passages, et m\u00eame \u00e0 certaines parties qui abordaient trop longuement des sujets trop pointus \u2013 mais tout est un peu long et pointu en mati\u00e8re de licornes. Surtout, j&#8217;avais pour de nombreux chapitres des dizaines d&#8217;illustrations, parmi lesquelles la maquettiste a d\u00fb en choisir deux ou trois, vous les trouverez toutes ou presque ici.<\/p>\n\n\n\n<p class=\"has-background\" style=\"background-color:#d3e5f2\">While my english is sufficient for discussing boardgames and writing game rules, I\u2019m afraid it\u2018s not good enough for history and literature. Unlike my boardgaming blog, this part of my website will be only in French.<br \/><br \/>My book is also only in French, but if you&#8217;re wiling to translate it in any other language, just contact me and I&#8217;ll forward you to the publisher.<\/p>\n","protected":false},"excerpt":{"rendered":"<p>Cela fait bient\u00f4t vingt-cinq ans que, en 1996, j\u2019ai soutenu ma th\u00e8se d\u2019histoire,\u00a0Images et connaissance de la licorne de la fin du Moyen \u00c2ge au XIXe si\u00e8cle.\u00a0J\u2019ai ensuite assez rapidement abandonn\u00e9 toute id\u00e9e de faire une v\u00e9ritable carri\u00e8re d\u2019historien, mais &hellip; <a href=\"https:\/\/faidutti.com\/blog\/licornes\/sample-page\/\">Continue reading <span class=\"meta-nav\">&rarr;<\/span><\/a><\/p>\n","protected":false},"author":2,"featured_media":0,"parent":0,"menu_order":3,"comment_status":"open","ping_status":"open","template":"","meta":{"footnotes":""},"class_list":["post-2","page","type-page","status-publish","hentry"],"jetpack_sharing_enabled":true,"_links":{"self":[{"href":"https:\/\/faidutti.com\/blog\/licornes\/wp-json\/wp\/v2\/pages\/2","targetHints":{"allow":["GET"]}}],"collection":[{"href":"https:\/\/faidutti.com\/blog\/licornes\/wp-json\/wp\/v2\/pages"}],"about":[{"href":"https:\/\/faidutti.com\/blog\/licornes\/wp-json\/wp\/v2\/types\/page"}],"author":[{"embeddable":true,"href":"https:\/\/faidutti.com\/blog\/licornes\/wp-json\/wp\/v2\/users\/2"}],"replies":[{"embeddable":true,"href":"https:\/\/faidutti.com\/blog\/licornes\/wp-json\/wp\/v2\/comments?post=2"}],"version-history":[{"count":13,"href":"https:\/\/faidutti.com\/blog\/licornes\/wp-json\/wp\/v2\/pages\/2\/revisions"}],"predecessor-version":[{"id":7262,"href":"https:\/\/faidutti.com\/blog\/licornes\/wp-json\/wp\/v2\/pages\/2\/revisions\/7262"}],"wp:attachment":[{"href":"https:\/\/faidutti.com\/blog\/licornes\/wp-json\/wp\/v2\/media?parent=2"}],"curies":[{"name":"wp","href":"https:\/\/api.w.org\/{rel}","templated":true}]}}